{"id":588,"date":"2020-02-18T16:51:54","date_gmt":"2020-02-18T16:51:54","guid":{"rendered":"https:\/\/restaurant-izba.com\/?page_id=588"},"modified":"2020-02-21T10:18:46","modified_gmt":"2020-02-21T10:18:46","slug":"mentions-legales","status":"publish","type":"page","link":"https:\/\/restaurant-izba.com\/?page_id=588","title":{"rendered":"politique de confidentialit\u00e9"},"content":{"rendered":"\t\t<div data-elementor-type=\"wp-page\" data-elementor-id=\"588\" class=\"elementor elementor-588\">\n\t\t\t\t\t\t<div class=\"elementor-inner\">\n\t\t\t\t<div class=\"elementor-section-wrap\">\n\t\t\t\t\t\t\t\t\t<section class=\"elementor-section elementor-top-section elementor-element elementor-element-00bc386 elementor-section-boxed elementor-section-height-default elementor-section-height-default\" data-id=\"00bc386\" data-element_type=\"section\">\n\t\t\t\t\t\t<div class=\"elementor-container elementor-column-gap-default\">\n\t\t\t\t\t\t\t<div class=\"elementor-row\">\n\t\t\t\t\t<div class=\"elementor-column elementor-col-100 elementor-top-column elementor-element elementor-element-6c66eb5\" data-id=\"6c66eb5\" data-element_type=\"column\">\n\t\t\t<div class=\"elementor-column-wrap elementor-element-populated\">\n\t\t\t\t\t\t\t<div class=\"elementor-widget-wrap\">\n\t\t\t\t\t\t<div class=\"elementor-element elementor-element-229d478 elementor-widget elementor-widget-heading\" data-id=\"229d478\" data-element_type=\"widget\" data-widget_type=\"heading.default\">\n\t\t\t\t<div class=\"elementor-widget-container\">\n\t\t\t<h2 class=\"elementor-heading-title elementor-size-default\">Politique de confidentialit\u00e9<\/h2>\t\t<\/div>\n\t\t\t\t<\/div>\n\t\t\t\t<div class=\"elementor-element elementor-element-2c80c08 elementor-widget elementor-widget-text-editor\" data-id=\"2c80c08\" data-element_type=\"widget\" data-widget_type=\"text-editor.default\">\n\t\t\t\t<div class=\"elementor-widget-container\">\n\t\t\t\t\t\t\t\t<div class=\"elementor-text-editor elementor-clearfix\">\n\t\t\t\t<h4>Mentions l\u00e9gales<\/h4><p>Le fait de consulter et d&rsquo;utiliser le site entra\u00eene de votre part l&rsquo;acceptation des pr\u00e9sentes conditions g\u00e9n\u00e9rales d&rsquo;utilisation, toutes les conditions auxquelles il est fait r\u00e9f\u00e9rence et\/ou qui sont mentionn\u00e9es ailleurs sur ce site s&rsquo;appliquent et vous \u00eates consid\u00e9r\u00e9 comme ayant accept\u00e9 ces conditions.<\/p><p>Toute personne est responsable des donn\u00e9es qu&rsquo;elle diffuse, utilise et\/ou transf\u00e8re et s&rsquo;engage \u00e0 ce titre \u00e0 respecter la r\u00e9glementation fran\u00e7aise en vigueur, notamment celle relative aux contenus manifestement illicites (atteintes aux bonnes moeurs, incitation \u00e0 la haine raciale, p\u00e9dophilie, &#8230;) ou la protection des droits des tiers (droits de propri\u00e9t\u00e9 intellectuelle, &#8230;).\u00a0<br \/>N&rsquo;est pas responsable de l&rsquo;usage des donn\u00e9es, du contenu diffus\u00e9 ou des prestations d&rsquo;une autre personne et qui, notamment, ne respecterait pas la r\u00e9glementation en vigueur.<\/p><h4>Recueil d&rsquo;informations nominatives<\/h4><p>En vertu de la loi informatique et libert\u00e9s du 6 janvier 1978, nous vous informons que les \u00e9ventuelles donn\u00e9es \u00e0 caract\u00e8re nominatif recueillies aupr\u00e8s des internautes par l&rsquo;interm\u00e9diaire d&rsquo;un formulaire sur ce site b\u00e9n\u00e9ficient d&rsquo;un droit d&rsquo;acc\u00e8s, de rectification, d&rsquo;opposition \u00e0 communication et de suppression sur simple demande.<br \/>Ces informations ne seront, en aucun cas, transmises, \u00e0 titre gratuit ou on\u00e9reux, \u00e0 des tierces personnes physiques ou morales.<\/p><h4>Loi du 1er ao\u00fbt 2000 : libert\u00e9 de communication<\/h4><p>Le site Internet www.restaurant-izba.com\u00a0est \u00e9dit\u00e9 par : la soci\u00e9t\u00e9 WP COMPAGNIE<\/p><h4>Loi du 6 janvier 1978 : informatique et aux libert\u00e9s<\/h4><p>Conform\u00e9ment \u00e0 la loi informatique et libert\u00e9s n\u00b0 78-17 du 6 janvier 1978, vous pouvez \u00e0 tout moment acc\u00e9der aux informations personnelles vous concernant et d\u00e9tenues par\u00a0, demander leur modification ou leur suppression (par l&rsquo;envoi d&rsquo;un mail via notre formulaire de contact). Ainsi, vous pouvez, \u00e0 titre irr\u00e9vocable, demander que soient rectifi\u00e9es, compl\u00e9t\u00e9es, clarifi\u00e9es, mises \u00e0 jour ou effac\u00e9es, les informations vous concernant qui sont inexactes, incompl\u00e8tes, \u00e9quivoques, p\u00e9rim\u00e9es ou dont la collecte ou l&rsquo;utilisation, la communication ou la conservation est interdite.<\/p><h4>D\u00e9claration CNIL<\/h4><p>Conform\u00e9ment \u00e0 la loi, nous vous informons que ce site a fait l&rsquo;objet d&rsquo;une d\u00e9claration de traitement automatis\u00e9 d&rsquo;informations nominatives aupr\u00e8s de la CNIL (r\u00e9c\u00e9piss\u00e9 n\u00b0 1389111).<\/p><h4>Droits de propri\u00e9t\u00e9<\/h4><p>Sauf mention contraire signal\u00e9e sur un texte, tous les \u00e9l\u00e9ments de ce site Internet (notamment les marques d\u00e9pos\u00e9es, noms de domaine, les textes, graphismes, logos, sons, photos et animations) sont la propri\u00e9t\u00e9 des \u00e9diteurs de ce site.<\/p><p>La protection du site https:\/\/restaurant-izba.com rel\u00e8ve, par cons\u00e9quent, des l\u00e9gislations nationales et internationales relatives au droit de la propri\u00e9t\u00e9 intellectuelle.<\/p><p>D\u00e8s lors, toute reproduction et\/ou repr\u00e9sentation et\/ou rediffusion, en tout ou partie, sur tout support \u00e9lectronique ou non, pr\u00e9sent ou futur, sont interdites sauf autorisation expresse et pr\u00e9alable.<\/p><p>Le non-respect de cette interdiction est susceptible de constituer un acte de contrefa\u00e7on engageant les responsabilit\u00e9s civile et p\u00e9nale de tout contrevenant.<\/p><p>De m\u00eame, les bases de donn\u00e9es d&rsquo;informations sont prot\u00e9g\u00e9es au titre du droit applicable aux compilations de donn\u00e9es. De sorte que toute extraction ou tentative d&rsquo;extraction, fut-elle totale ou partielle, est susceptible d&rsquo;engager les responsabilit\u00e9s civile et p\u00e9nale de tout contrevenant.<\/p><h4>Limitation de responsabilit\u00e9<\/h4><p>La technologie \u00e9voluant continuellement, les sp\u00e9cifications et les prix donn\u00e9s sur ce site Internet sont susceptibles d&rsquo;\u00eatre modifi\u00e9s sans pr\u00e9avis, en particulier pour le mat\u00e9riel import\u00e9 si la partie mon\u00e9taire venait \u00e0 varier.\u00a0<br \/>Ce site Internet est non contractuel.<\/p>\t\t\t\t\t<\/div>\n\t\t\t\t\t\t<\/div>\n\t\t\t\t<\/div>\n\t\t\t\t\t\t<\/div>\n\t\t\t\t\t<\/div>\n\t\t<\/div>\n\t\t\t\t\t\t\t\t<\/div>\n\t\t\t\t\t<\/div>\n\t\t<\/section>\n\t\t\t\t\t\t\t\t\t<\/div>\n\t\t\t<\/div>\n\t\t\t\t\t<\/div>\n\t\t","protected":false},"excerpt":{"rendered":"<p>Politique de confidentialit\u00e9 Mentions l\u00e9gales Le fait de consulter et d&rsquo;utiliser le site entra\u00eene de votre part l&rsquo;acceptation des pr\u00e9sentes conditions g\u00e9n\u00e9rales d&rsquo;utilisation, toutes les conditions auxquelles il est fait r\u00e9f\u00e9rence et\/ou qui sont mentionn\u00e9es ailleurs sur ce site s&rsquo;appliquent et vous \u00eates consid\u00e9r\u00e9 comme ayant accept\u00e9 ces conditions. Toute personne est responsable des donn\u00e9es &hellip;<\/p>\n<p class=\"read-more\"> <a class=\"\" href=\"https:\/\/restaurant-izba.com\/?page_id=588\"> <span class=\"screen-reader-text\">politique de confidentialit\u00e9<\/span> Lire la suite\u00a0\u00bb<\/a><\/p>\n","protected":false},"author":1,"featured_media":0,"parent":0,"menu_order":0,"comment_status":"closed","ping_status":"closed","template":"","meta":{"site-sidebar-layout":"no-sidebar","site-content-layout":"page-builder","ast-global-header-display":"","ast-banner-title-visibility":"","ast-main-header-display":"","ast-hfb-above-header-display":"","ast-hfb-below-header-display":"","ast-hfb-mobile-header-display":"","site-post-title":"disabled","ast-breadcrumbs-content":"","ast-featured-img":"disabled","footer-sml-layout":"","theme-transparent-header-meta":"default","adv-header-id-meta":"","stick-header-meta":"","header-above-stick-meta":"","header-main-stick-meta":"","header-below-stick-meta":""},"_links":{"self":[{"href":"https:\/\/restaurant-izba.com\/index.php?rest_route=\/wp\/v2\/pages\/588"}],"collection":[{"href":"https:\/\/restaurant-izba.com\/index.php?rest_route=\/wp\/v2\/pages"}],"about":[{"href":"https:\/\/restaurant-izba.com\/index.php?rest_route=\/wp\/v2\/types\/page"}],"author":[{"embeddable":true,"href":"https:\/\/restaurant-izba.com\/index.php?rest_route=\/wp\/v2\/users\/1"}],"replies":[{"embeddable":true,"href":"https:\/\/restaurant-izba.com\/index.php?rest_route=%2Fwp%2Fv2%2Fcomments&post=588"}],"version-history":[{"count":7,"href":"https:\/\/restaurant-izba.com\/index.php?rest_route=\/wp\/v2\/pages\/588\/revisions"}],"predecessor-version":[{"id":702,"href":"https:\/\/restaurant-izba.com\/index.php?rest_route=\/wp\/v2\/pages\/588\/revisions\/702"}],"wp:attachment":[{"href":"https:\/\/restaurant-izba.com\/index.php?rest_route=%2Fwp%2Fv2%2Fmedia&parent=588"}],"curies":[{"name":"wp","href":"https:\/\/api.w.org\/{rel}","templated":true}]}}